{"id":2514,"date":"2022-10-21T15:44:38","date_gmt":"2022-10-21T13:44:38","guid":{"rendered":"https:\/\/reltim.com\/qualiopi\/?page_id=2514"},"modified":"2023-05-15T18:32:15","modified_gmt":"2023-05-15T16:32:15","slug":"le-referentiel-qualiopi","status":"publish","type":"page","link":"https:\/\/reltim.com\/qualiopi\/nos-solutions\/formations\/le-referentiel-qualiopi\/","title":{"rendered":"Le r\u00e9f\u00e9rentiel Qualiopi"},"content":{"rendered":"<p>[et_pb_section fb_built=\u00a0\u00bb1&Prime; custom_padding_last_edited=\u00a0\u00bbon|desktop\u00a0\u00bb admin_label=\u00a0\u00bbHeader\u00a0\u00bb _builder_version=\u00a0\u00bb4.18.0&Prime; background_color=\u00a0\u00bb#eef9ff\u00a0\u00bb background_color_gradient_direction=\u00a0\u00bb237deg\u00a0\u00bb background_size=\u00a0\u00bbcontain\u00a0\u00bb background_position=\u00a0\u00bbbottom_center\u00a0\u00bb min_height=\u00a0\u00bb100vh\u00a0\u00bb min_height_tablet=\u00a0\u00bb\u00a0\u00bb min_height_phone=\u00a0\u00bb\u00a0\u00bb min_height_last_edited=\u00a0\u00bbon|phone\u00a0\u00bb height_tablet=\u00a0\u00bb\u00a0\u00bb height_phone=\u00a0\u00bb\u00a0\u00bb height_last_edited=\u00a0\u00bbon|phone\u00a0\u00bb max_height_tablet=\u00a0\u00bb\u00a0\u00bb max_height_phone=\u00a0\u00bb\u00a0\u00bb max_height_last_edited=\u00a0\u00bbon|phone\u00a0\u00bb custom_margin=\u00a0\u00bb||||false|false\u00a0\u00bb custom_margin_tablet=\u00a0\u00bb\u00a0\u00bb custom_margin_phone=\u00a0\u00bb\u00a0\u00bb custom_margin_last_edited=\u00a0\u00bbon|phone\u00a0\u00bb custom_padding=\u00a0\u00bb||||false|false\u00a0\u00bb custom_padding_tablet=\u00a0\u00bb\u00a0\u00bb custom_padding_phone=\u00a0\u00bb\u00a0\u00bb bottom_divider_style=\u00a0\u00bbcurve\u00a0\u00bb bottom_divider_color=\u00a0\u00bb#FFFFFF\u00a0\u00bb bottom_divider_height=\u00a0\u00bb30px\u00a0\u00bb animation_style=\u00a0\u00bbslide\u00a0\u00bb animation_direction=\u00a0\u00bbtop\u00a0\u00bb animation_intensity_slide=\u00a0\u00bb2%\u00a0\u00bb animation_starting_opacity=\u00a0\u00bb100%\u00a0\u00bb module_alignment_tablet=\u00a0\u00bb\u00a0\u00bb module_alignment_phone=\u00a0\u00bb\u00a0\u00bb module_alignment_last_edited=\u00a0\u00bbon|tablet\u00a0\u00bb da_disable_devices=\u00a0\u00bboff|off|off\u00a0\u00bb locked=\u00a0\u00bboff\u00a0\u00bb global_colors_info=\u00a0\u00bb{}\u00a0\u00bb da_is_popup=\u00a0\u00bboff\u00a0\u00bb da_exit_intent=\u00a0\u00bboff\u00a0\u00bb da_has_close=\u00a0\u00bbon\u00a0\u00bb da_alt_close=\u00a0\u00bboff\u00a0\u00bb da_dark_close=\u00a0\u00bboff\u00a0\u00bb da_not_modal=\u00a0\u00bbon\u00a0\u00bb da_is_singular=\u00a0\u00bboff\u00a0\u00bb da_with_loader=\u00a0\u00bboff\u00a0\u00bb da_has_shadow=\u00a0\u00bbon\u00a0\u00bb][et_pb_row column_structure=\u00a0\u00bb1_2,1_2&Prime; _builder_version=\u00a0\u00bb4.18.0&Prime; custom_margin_tablet=\u00a0\u00bb\u00a0\u00bb custom_margin_phone=\u00a0\u00bb|||44px\u00a0\u00bb custom_margin_last_edited=\u00a0\u00bbon|phone\u00a0\u00bb global_colors_info=\u00a0\u00bb{}\u00a0\u00bb][et_pb_column type=\u00a0\u00bb1_2&Prime; _builder_version=\u00a0\u00bb4.16&Prime; global_colors_info=\u00a0\u00bb{}\u00a0\u00bb][et_pb_text module_id=\u00a0\u00bbapplication\u00a0\u00bb _builder_version=\u00a0\u00bb4.18.0&Prime; text_font=\u00a0\u00bbPoppins||||||||\u00a0\u00bb text_font_size=\u00a0\u00bb19px\u00a0\u00bb header_font=\u00a0\u00bbPoppins|700|||||||\u00a0\u00bb header_font_size=\u00a0\u00bb44px\u00a0\u00bb header_line_height=\u00a0\u00bb1.2em\u00a0\u00bb background_layout=\u00a0\u00bbdark\u00a0\u00bb width=\u00a0\u00bb100%\u00a0\u00bb custom_margin=\u00a0\u00bb21px|0px|0px|||\u00a0\u00bb custom_padding=\u00a0\u00bb0px|||||\u00a0\u00bb header_font_size_tablet=\u00a0\u00bb42px\u00a0\u00bb header_font_size_phone=\u00a0\u00bb32px\u00a0\u00bb header_font_size_last_edited=\u00a0\u00bbon|desktop\u00a0\u00bb global_colors_info=\u00a0\u00bb{}\u00a0\u00bb]<\/p>\n<h1><span style=\"color: #151b49;\">Pr\u00e9sentation de la formation <span style=\"color: #66cc99;\">le r\u00e9f\u00e9rentiel Qualiopi<\/span> !<\/span><\/h1>\n<p>[\/et_pb_text][et_pb_text _builder_version=\u00a0\u00bb4.18.1&Prime; text_text_color=\u00a0\u00bb#151b49&Prime; text_font_size=\u00a0\u00bb16px\u00a0\u00bb locked=\u00a0\u00bboff\u00a0\u00bb global_colors_info=\u00a0\u00bb{}\u00a0\u00bb]<\/p>\n<p>&nbsp;<\/p>\n<p>Organismes de formation, vous souhaitez d\u00e9couvrir ou approfondir vos connaissances du <a href=\"https:\/\/travail-emploi.gouv.fr\/demarches-ressources-documentaires\/documentation-et-publications-officielles\/guides\/guide-referentiel-national-qualite\" target=\"_blank\" rel=\"noopener\">R\u00e9f\u00e9rentiel National Qualit\u00e9<\/a> ?<\/p>\n<p>L&rsquo;ensemble des modules a \u00e9t\u00e9 con\u00e7u dans le respect du r\u00e9f\u00e9rentiel Qualiopi.\u00a0 L&rsquo;information, l&rsquo;\u00e9coute, l&rsquo;adaptation et votre satisfaction sont nos ma\u00eetres-mots et notre priorit\u00e9, le tout inscrit dans une d\u00e9marche d&rsquo;am\u00e9lioration continue.<\/p>\n<p><strong>Pssst : cette formation vous est rembours\u00e9e int\u00e9gralement par l&rsquo;OPCO.<\/strong><\/p>\n<p><strong><\/strong><\/p>\n<p><strong style=\"font-size: 16px;\"><span style=\"text-decoration: underline;\"><\/span><\/strong><\/p>\n<p>[\/et_pb_text][et_pb_button button_url=\u00a0\u00bbhttps:\/\/reltim.com\/wp-content\/uploads\/sites\/7\/2022\/04\/FORMATION-LE-REFERENTIEL-QUALIOPI.pdf\u00a0\u00bb button_text=\u00a0\u00bbT\u00e9l\u00e9charger le programme\u00a0\u00bb module_id=\u00a0\u00bbdownload-referentiel\u00a0\u00bb module_class=\u00a0\u00bbcta-secondaire\u00a0\u00bb _builder_version=\u00a0\u00bb4.19.2&Prime; _module_preset=\u00a0\u00bbdefault\u00a0\u00bb custom_button=\u00a0\u00bbon\u00a0\u00bb button_text_color=\u00a0\u00bb#151b49&Prime; button_border_radius=\u00a0\u00bb5px\u00a0\u00bb button_icon=\u00a0\u00bb&#xe092;||divi||400&Prime; button_icon_placement=\u00a0\u00bbleft\u00a0\u00bb button_on_hover=\u00a0\u00bboff\u00a0\u00bb box_shadow_style=\u00a0\u00bbpreset4&Prime; box_shadow_color=\u00a0\u00bb#151b49&Prime; locked=\u00a0\u00bboff\u00a0\u00bb global_colors_info=\u00a0\u00bb{}\u00a0\u00bb button_text__hover_enabled=\u00a0\u00bbon|desktop\u00a0\u00bb button_text__hover=\u00a0\u00bbT\u00e9l\u00e9charger le programme\u00a0\u00bb][\/et_pb_button][\/et_pb_column][et_pb_column type=\u00a0\u00bb1_2&Prime; _builder_version=\u00a0\u00bb4.16&Prime; global_colors_info=\u00a0\u00bb{}\u00a0\u00bb][et_pb_video src=\u00a0\u00bbhttps:\/\/reltim.com\/wp-content\/uploads\/sites\/7\/2023\/05\/LE-REFERENTIEL-QUALIOPI.mp4&Prime; image_src=\u00a0\u00bbhttps:\/\/reltim.com\/wp-content\/uploads\/sites\/7\/2022\/03\/LE-REFERENTIEL-QUALIOPI.png\u00a0\u00bb _builder_version=\u00a0\u00bb4.20.4&Prime; _module_preset=\u00a0\u00bbdefault\u00a0\u00bb border_radii=\u00a0\u00bbon|12px|12px|12px|12px\u00a0\u00bb locked=\u00a0\u00bboff\u00a0\u00bb global_colors_info=\u00a0\u00bb{}\u00a0\u00bb][\/et_pb_video][\/et_pb_column][\/et_pb_row][\/et_pb_section][et_pb_section fb_built=\u00a0\u00bb1&Prime; _builder_version=\u00a0\u00bb4.19.1&Prime; _module_preset=\u00a0\u00bbdefault\u00a0\u00bb background_color=\u00a0\u00bbRGBA(255,255,255,0)\u00a0\u00bb da_disable_devices=\u00a0\u00bboff|off|off\u00a0\u00bb global_colors_info=\u00a0\u00bb{}\u00a0\u00bb locked=\u00a0\u00bboff\u00a0\u00bb da_is_popup=\u00a0\u00bboff\u00a0\u00bb da_exit_intent=\u00a0\u00bboff\u00a0\u00bb da_has_close=\u00a0\u00bbon\u00a0\u00bb da_alt_close=\u00a0\u00bboff\u00a0\u00bb da_dark_close=\u00a0\u00bboff\u00a0\u00bb da_not_modal=\u00a0\u00bbon\u00a0\u00bb da_is_singular=\u00a0\u00bboff\u00a0\u00bb da_with_loader=\u00a0\u00bboff\u00a0\u00bb da_has_shadow=\u00a0\u00bbon\u00a0\u00bb][et_pb_row _builder_version=\u00a0\u00bb4.18.0&Prime; _module_preset=\u00a0\u00bbdefault\u00a0\u00bb locked=\u00a0\u00bboff\u00a0\u00bb global_colors_info=\u00a0\u00bb{}\u00a0\u00bb theme_builder_area=\u00a0\u00bbpost_content\u00a0\u00bb][et_pb_column type=\u00a0\u00bb4_4&Prime; _builder_version=\u00a0\u00bb4.18.0&Prime; _module_preset=\u00a0\u00bbdefault\u00a0\u00bb global_colors_info=\u00a0\u00bb{}\u00a0\u00bb theme_builder_area=\u00a0\u00bbpost_content\u00a0\u00bb][et_pb_text module_id=\u00a0\u00bbapplication\u00a0\u00bb _builder_version=\u00a0\u00bb4.18.0&Prime; text_font=\u00a0\u00bbPoppins||||||||\u00a0\u00bb text_font_size=\u00a0\u00bb19px\u00a0\u00bb header_font=\u00a0\u00bbPoppins|700|||||||\u00a0\u00bb header_font_size=\u00a0\u00bb44px\u00a0\u00bb header_line_height=\u00a0\u00bb1.2em\u00a0\u00bb header_3_font=\u00a0\u00bb|700|||||||\u00a0\u00bb header_3_text_align=\u00a0\u00bbcenter\u00a0\u00bb header_3_font_size=\u00a0\u00bb30px\u00a0\u00bb background_layout=\u00a0\u00bbdark\u00a0\u00bb width=\u00a0\u00bb100%\u00a0\u00bb custom_margin=\u00a0\u00bb21px|0px|0px|||\u00a0\u00bb custom_padding=\u00a0\u00bb0px|||||\u00a0\u00bb header_font_size_tablet=\u00a0\u00bb42px\u00a0\u00bb header_font_size_phone=\u00a0\u00bb32px\u00a0\u00bb header_font_size_last_edited=\u00a0\u00bbon|desktop\u00a0\u00bb locked=\u00a0\u00bboff\u00a0\u00bb global_colors_info=\u00a0\u00bb{}\u00a0\u00bb theme_builder_area=\u00a0\u00bbpost_content\u00a0\u00bb]<\/p>\n<h3><span style=\"color: #151b49;\">Le tarif unique formation<\/span><\/h3>\n<p>[\/et_pb_text][\/et_pb_column][\/et_pb_row][et_pb_row custom_padding_last_edited=\u00a0\u00bbon|phone\u00a0\u00bb _builder_version=\u00a0\u00bb4.19.0&Prime; max_width=\u00a0\u00bb1280px\u00a0\u00bb custom_padding=\u00a0\u00bb|21%||21%|false|true\u00a0\u00bb custom_padding_tablet=\u00a0\u00bb|20%||20%|false|true\u00a0\u00bb custom_padding_phone=\u00a0\u00bb|15px||15px|false|true\u00a0\u00bb use_custom_width=\u00a0\u00bbon\u00a0\u00bb custom_width_px=\u00a0\u00bb1280px\u00a0\u00bb locked=\u00a0\u00bboff\u00a0\u00bb global_colors_info=\u00a0\u00bb{}\u00a0\u00bb theme_builder_area=\u00a0\u00bbpost_content\u00a0\u00bb][et_pb_column type=\u00a0\u00bb4_4&Prime; _builder_version=\u00a0\u00bb4.16&Prime; custom_padding=\u00a0\u00bb|||\u00a0\u00bb global_colors_info=\u00a0\u00bb{}\u00a0\u00bb custom_padding__hover=\u00a0\u00bb|||\u00a0\u00bb theme_builder_area=\u00a0\u00bbpost_content\u00a0\u00bb][et_pb_pricing_tables featured_table_header_background_color=\u00a0\u00bb#eef9ff\u00a0\u00bb header_background_color=\u00a0\u00bb#ffffff\u00a0\u00bb bullet_color=\u00a0\u00bb#2970fa\u00a0\u00bb module_class=\u00a0\u00bbtarif-formation\u00a0\u00bb _builder_version=\u00a0\u00bb4.20.4&Prime; price_text_color=\u00a0\u00bb#000000&Prime; subheader_text_color=\u00a0\u00bb#666666&Prime; header_text_color=\u00a0\u00bb#2970fa\u00a0\u00bb header_level=\u00a0\u00bbh4&Prime; header_font=\u00a0\u00bbRubik||||||||\u00a0\u00bb header_line_height=\u00a0\u00bb1.4em\u00a0\u00bb body_font=\u00a0\u00bb||||||||\u00a0\u00bb body_font_size=\u00a0\u00bb16px\u00a0\u00bb subheader_font=\u00a0\u00bb||||||||\u00a0\u00bb subheader_font_size=\u00a0\u00bb14px\u00a0\u00bb subheader_line_height=\u00a0\u00bb1.7em\u00a0\u00bb price_font=\u00a0\u00bbRubik|500|||||||\u00a0\u00bb price_font_size=\u00a0\u00bb50px\u00a0\u00bb currency_frequency_font=\u00a0\u00bb||||||||\u00a0\u00bb excluded_font=\u00a0\u00bb||||||||\u00a0\u00bb background_color=\u00a0\u00bb#eef9ff\u00a0\u00bb custom_button=\u00a0\u00bbon\u00a0\u00bb button_text_color=\u00a0\u00bb#151b49&Prime; button_border_width=\u00a0\u00bb3px\u00a0\u00bb button_border_color=\u00a0\u00bb#151b49&Prime; button_border_radius=\u00a0\u00bb8px\u00a0\u00bb button_use_icon=\u00a0\u00bboff\u00a0\u00bb button_alignment=\u00a0\u00bbcenter\u00a0\u00bb text_orientation=\u00a0\u00bbleft\u00a0\u00bb custom_padding=\u00a0\u00bb|40px||40px|false|true\u00a0\u00bb animation_style=\u00a0\u00bbzoom\u00a0\u00bb animation_delay=\u00a0\u00bb200ms\u00a0\u00bb animation_intensity_zoom=\u00a0\u00bb20%\u00a0\u00bb custom_css_pricing_top=\u00a0\u00bbborder-color:rgba(0,0,0,0.06) !important;\u00a0\u00bb border_radii=\u00a0\u00bbon|24px|24px|24px|24px\u00a0\u00bb box_shadow_style_button=\u00a0\u00bbpreset4&Prime; box_shadow_color_button=\u00a0\u00bb#66CC99&Prime; button_letter_spacing_hover=\u00a0\u00bb1px\u00a0\u00bb locked=\u00a0\u00bboff\u00a0\u00bb global_colors_info=\u00a0\u00bb{}\u00a0\u00bb button_one_text_size__hover_enabled=\u00a0\u00bboff\u00a0\u00bb button_two_text_size__hover_enabled=\u00a0\u00bboff\u00a0\u00bb button_one_text_color__hover_enabled=\u00a0\u00bboff\u00a0\u00bb button_two_text_color__hover_enabled=\u00a0\u00bboff\u00a0\u00bb button_one_border_width__hover_enabled=\u00a0\u00bboff\u00a0\u00bb button_two_border_width__hover_enabled=\u00a0\u00bboff\u00a0\u00bb button_one_border_color__hover_enabled=\u00a0\u00bboff\u00a0\u00bb button_two_border_color__hover_enabled=\u00a0\u00bboff\u00a0\u00bb button_one_border_radius__hover_enabled=\u00a0\u00bboff\u00a0\u00bb button_two_border_radius__hover_enabled=\u00a0\u00bboff\u00a0\u00bb button_one_letter_spacing__hover_enabled=\u00a0\u00bboff\u00a0\u00bb button_two_letter_spacing__hover_enabled=\u00a0\u00bboff\u00a0\u00bb button_one_bg_color__hover_enabled=\u00a0\u00bboff\u00a0\u00bb button_two_bg_color__hover_enabled=\u00a0\u00bboff\u00a0\u00bb theme_builder_area=\u00a0\u00bbpost_content\u00a0\u00bb][et_pb_pricing_table featured=\u00a0\u00bbon\u00a0\u00bb title=\u00a0\u00bbFormation\u00a0\u00bb subtitle=\u00a0\u00bbRemboursable par l&rsquo;OPCO\u00a0\u00bb per=\u00a0\u00bb La formation\u00a0\u00bb sum=\u00a0\u00bb550\u20ac\u00a0\u00bb button_url=\u00a0\u00bbhttps:\/\/reltim.com\/qualiopi\/contactez-nous\/\u00a0\u00bb button_text=\u00a0\u00bbSe lancer\u00a0\u00bb _builder_version=\u00a0\u00bb4.20.4&Prime; header_level=\u00a0\u00bbh4&Prime; body_font=\u00a0\u00bb||||||||\u00a0\u00bb body_line_height=\u00a0\u00bb1.2em\u00a0\u00bb subheader_font=\u00a0\u00bb||||||||\u00a0\u00bb currency_frequency_font=\u00a0\u00bb||||||||\u00a0\u00bb excluded_font=\u00a0\u00bb||||||||\u00a0\u00bb custom_button=\u00a0\u00bbon\u00a0\u00bb button_text_color=\u00a0\u00bb#151b49&Prime; button_border_width=\u00a0\u00bb3px\u00a0\u00bb button_border_color=\u00a0\u00bb#151b49&Prime; link_option_url=\u00a0\u00bbhttps:\/\/reltim.com\/qualiopi\/contactez-nous\/\u00a0\u00bb border_width_all=\u00a0\u00bb3px\u00a0\u00bb border_color_all=\u00a0\u00bb#151b49&Prime; box_shadow_style=\u00a0\u00bbpreset4&Prime; box_shadow_color=\u00a0\u00bb#151b49&Prime; global_colors_info=\u00a0\u00bb{}\u00a0\u00bb button_one_text_size__hover_enabled=\u00a0\u00bboff\u00a0\u00bb button_two_text_size__hover_enabled=\u00a0\u00bboff\u00a0\u00bb button_one_text_color__hover_enabled=\u00a0\u00bboff\u00a0\u00bb button_two_text_color__hover_enabled=\u00a0\u00bboff\u00a0\u00bb button_one_border_width__hover_enabled=\u00a0\u00bboff\u00a0\u00bb button_two_border_width__hover_enabled=\u00a0\u00bboff\u00a0\u00bb button_one_border_color__hover_enabled=\u00a0\u00bboff\u00a0\u00bb button_two_border_color__hover_enabled=\u00a0\u00bboff\u00a0\u00bb button_one_border_radius__hover_enabled=\u00a0\u00bboff\u00a0\u00bb button_two_border_radius__hover_enabled=\u00a0\u00bboff\u00a0\u00bb button_one_letter_spacing__hover_enabled=\u00a0\u00bboff\u00a0\u00bb button_two_letter_spacing__hover_enabled=\u00a0\u00bboff\u00a0\u00bb button_one_bg_color__hover_enabled=\u00a0\u00bboff\u00a0\u00bb button_two_bg_color__hover_enabled=\u00a0\u00bboff\u00a0\u00bb sticky_transition=\u00a0\u00bbon\u00a0\u00bb theme_builder_area=\u00a0\u00bbpost_content\u00a0\u00bb]<\/p>\n<p>+ 1\/2 journ\u00e9e de formation en distanciel<\/p>\n<p>Supports vid\u00e9os<\/p>\n<p>Supports visuels<\/p>\n<p>Acc\u00e8s au Club pendant la dur\u00e9e de l&rsquo;accompagnement, avec option de prolongation.<\/p>\n<p>Remboursable par l&rsquo;OPCO<\/p>\n<p>[\/et_pb_pricing_table][\/et_pb_pricing_tables][\/et_pb_column][\/et_pb_row][\/et_pb_section]<\/p>\n","protected":false},"excerpt":{"rendered":"<p>Pr\u00e9sentation de la formation le r\u00e9f\u00e9rentiel Qualiopi !&nbsp; Organismes de formation, vous souhaitez d\u00e9couvrir ou approfondir vos connaissances du R\u00e9f\u00e9rentiel National Qualit\u00e9 ? L&rsquo;ensemble des modules a \u00e9t\u00e9 con\u00e7u dans le respect du r\u00e9f\u00e9rentiel Qualiopi.\u00a0 L&rsquo;information, l&rsquo;\u00e9coute, l&rsquo;adaptation et votre satisfaction sont nos ma\u00eetres-mots et notre priorit\u00e9, le tout inscrit dans une d\u00e9marche d&rsquo;am\u00e9lioration continue. Pssst : cette formation vous est rembours\u00e9e int\u00e9gralement par l&rsquo;OPCO. Le tarif unique formation+ 1\/2 journ\u00e9e de formation en distanciel Supports vid\u00e9os Supports visuels Acc\u00e8s au Club pendant la dur\u00e9e de l&rsquo;accompagnement, avec option de prolongation. Remboursable par l&rsquo;OPCO<\/p>\n","protected":false},"author":4,"featured_media":4158,"parent":2228,"menu_order":0,"comment_status":"closed","ping_status":"closed","template":"","meta":{"_acf_changed":false,"_et_pb_use_builder":"on","_et_pb_old_content":"<!-- wp:divi\/placeholder \/-->","_et_gb_content_width":"","footnotes":""},"class_list":["post-2514","page","type-page","status-publish","has-post-thumbnail","hentry"],"acf":[],"yoast_head":"<!-- This site is optimized with the Yoast SEO plugin v27.4 - https:\/\/yoast.com\/product\/yoast-seo-wordpress\/ -->\n<title>La formation sur le r\u00e9f\u00e9rentiel Qualiopi par Reltim<\/title>\n<meta name=\"description\" content=\"Une des 4 formations Reltim : Le r\u00e9f\u00e9rentiel Qualiopi. Dans cette formation vous approfondirez vos connaissances sur le R\u00e9f\u00e9rentiel Qualiopi.\" \/>\n<meta name=\"robots\" content=\"index, follow, max-snippet:-1, max-image-preview:large, max-video-preview:-1\" \/>\n<link rel=\"canonical\" href=\"https:\/\/reltim.com\/qualiopi\/nos-solutions\/formations\/le-referentiel-qualiopi\/\" \/>\n<meta property=\"og:locale\" content=\"fr_FR\" \/>\n<meta property=\"og:type\" content=\"article\" \/>\n<meta property=\"og:title\" content=\"La formation sur le r\u00e9f\u00e9rentiel Qualiopi par Reltim\" \/>\n<meta property=\"og:description\" content=\"Une des 4 formations Reltim : Le r\u00e9f\u00e9rentiel Qualiopi. Dans cette formation vous approfondirez vos connaissances sur le R\u00e9f\u00e9rentiel Qualiopi.\" \/>\n<meta property=\"og:url\" content=\"https:\/\/reltim.com\/qualiopi\/nos-solutions\/formations\/le-referentiel-qualiopi\/\" \/>\n<meta property=\"og:site_name\" content=\"Reltim Qualiopi\" \/>\n<meta property=\"article:modified_time\" content=\"2023-05-15T16:32:15+00:00\" \/>\n<meta property=\"og:image\" content=\"https:\/\/reltim.com\/qualiopi\/wp-content\/uploads\/sites\/7\/2022\/12\/dictionary.png\" \/>\n\t<meta property=\"og:image:width\" content=\"512\" \/>\n\t<meta property=\"og:image:height\" content=\"512\" \/>\n\t<meta property=\"og:image:type\" content=\"image\/png\" \/>\n<meta name=\"twitter:card\" content=\"summary_large_image\" \/>\n<meta name=\"twitter:label1\" content=\"Dur\u00e9e de lecture estim\u00e9e\" \/>\n\t<meta name=\"twitter:data1\" content=\"2 minutes\" \/>\n<script type=\"application\/ld+json\" class=\"yoast-schema-graph\">{\"@context\":\"https:\\\/\\\/schema.org\",\"@graph\":[{\"@type\":\"WebPage\",\"@id\":\"https:\\\/\\\/reltim.com\\\/qualiopi\\\/nos-solutions\\\/formations\\\/le-referentiel-qualiopi\\\/\",\"url\":\"https:\\\/\\\/reltim.com\\\/qualiopi\\\/nos-solutions\\\/formations\\\/le-referentiel-qualiopi\\\/\",\"name\":\"La formation sur le r\u00e9f\u00e9rentiel Qualiopi par Reltim\",\"isPartOf\":{\"@id\":\"https:\\\/\\\/reltim.com\\\/qualiopi\\\/#website\"},\"primaryImageOfPage\":{\"@id\":\"https:\\\/\\\/reltim.com\\\/qualiopi\\\/nos-solutions\\\/formations\\\/le-referentiel-qualiopi\\\/#primaryimage\"},\"image\":{\"@id\":\"https:\\\/\\\/reltim.com\\\/qualiopi\\\/nos-solutions\\\/formations\\\/le-referentiel-qualiopi\\\/#primaryimage\"},\"thumbnailUrl\":\"https:\\\/\\\/reltim.com\\\/qualiopi\\\/wp-content\\\/uploads\\\/sites\\\/7\\\/2022\\\/12\\\/dictionary.png\",\"datePublished\":\"2022-10-21T13:44:38+00:00\",\"dateModified\":\"2023-05-15T16:32:15+00:00\",\"description\":\"Une des 4 formations Reltim : Le r\u00e9f\u00e9rentiel Qualiopi. Dans cette formation vous approfondirez vos connaissances sur le R\u00e9f\u00e9rentiel Qualiopi.\",\"breadcrumb\":{\"@id\":\"https:\\\/\\\/reltim.com\\\/qualiopi\\\/nos-solutions\\\/formations\\\/le-referentiel-qualiopi\\\/#breadcrumb\"},\"inLanguage\":\"fr-FR\",\"potentialAction\":[{\"@type\":\"ReadAction\",\"target\":[\"https:\\\/\\\/reltim.com\\\/qualiopi\\\/nos-solutions\\\/formations\\\/le-referentiel-qualiopi\\\/\"]}]},{\"@type\":\"ImageObject\",\"inLanguage\":\"fr-FR\",\"@id\":\"https:\\\/\\\/reltim.com\\\/qualiopi\\\/nos-solutions\\\/formations\\\/le-referentiel-qualiopi\\\/#primaryimage\",\"url\":\"https:\\\/\\\/reltim.com\\\/qualiopi\\\/wp-content\\\/uploads\\\/sites\\\/7\\\/2022\\\/12\\\/dictionary.png\",\"contentUrl\":\"https:\\\/\\\/reltim.com\\\/qualiopi\\\/wp-content\\\/uploads\\\/sites\\\/7\\\/2022\\\/12\\\/dictionary.png\",\"width\":512,\"height\":512,\"caption\":\"7 crit\u00e8res qualiopi\"},{\"@type\":\"BreadcrumbList\",\"@id\":\"https:\\\/\\\/reltim.com\\\/qualiopi\\\/nos-solutions\\\/formations\\\/le-referentiel-qualiopi\\\/#breadcrumb\",\"itemListElement\":[{\"@type\":\"ListItem\",\"position\":1,\"name\":\"Accueil\",\"item\":\"https:\\\/\\\/reltim.com\\\/qualiopi\\\/\"},{\"@type\":\"ListItem\",\"position\":2,\"name\":\"Nos solutions\",\"item\":\"https:\\\/\\\/reltim.com\\\/qualiopi\\\/nos-solutions\\\/\"},{\"@type\":\"ListItem\",\"position\":3,\"name\":\"Formations\",\"item\":\"https:\\\/\\\/reltim.com\\\/qualiopi\\\/nos-solutions\\\/formations\\\/\"},{\"@type\":\"ListItem\",\"position\":4,\"name\":\"Le r\u00e9f\u00e9rentiel Qualiopi\"}]},{\"@type\":\"WebSite\",\"@id\":\"https:\\\/\\\/reltim.com\\\/qualiopi\\\/#website\",\"url\":\"https:\\\/\\\/reltim.com\\\/qualiopi\\\/\",\"name\":\"Reltim Qualiopi\",\"description\":\"Souriez vous \u00eates certifi\u00e9s!\",\"potentialAction\":[{\"@type\":\"SearchAction\",\"target\":{\"@type\":\"EntryPoint\",\"urlTemplate\":\"https:\\\/\\\/reltim.com\\\/qualiopi\\\/?s={search_term_string}\"},\"query-input\":{\"@type\":\"PropertyValueSpecification\",\"valueRequired\":true,\"valueName\":\"search_term_string\"}}],\"inLanguage\":\"fr-FR\"}]}<\/script>\n<!-- \/ Yoast SEO plugin. -->","yoast_head_json":{"title":"La formation sur le r\u00e9f\u00e9rentiel Qualiopi par Reltim","description":"Une des 4 formations Reltim : Le r\u00e9f\u00e9rentiel Qualiopi. Dans cette formation vous approfondirez vos connaissances sur le R\u00e9f\u00e9rentiel Qualiopi.","robots":{"index":"index","follow":"follow","max-snippet":"max-snippet:-1","max-image-preview":"max-image-preview:large","max-video-preview":"max-video-preview:-1"},"canonical":"https:\/\/reltim.com\/qualiopi\/nos-solutions\/formations\/le-referentiel-qualiopi\/","og_locale":"fr_FR","og_type":"article","og_title":"La formation sur le r\u00e9f\u00e9rentiel Qualiopi par Reltim","og_description":"Une des 4 formations Reltim : Le r\u00e9f\u00e9rentiel Qualiopi. Dans cette formation vous approfondirez vos connaissances sur le R\u00e9f\u00e9rentiel Qualiopi.","og_url":"https:\/\/reltim.com\/qualiopi\/nos-solutions\/formations\/le-referentiel-qualiopi\/","og_site_name":"Reltim Qualiopi","article_modified_time":"2023-05-15T16:32:15+00:00","og_image":[{"width":512,"height":512,"url":"https:\/\/reltim.com\/qualiopi\/wp-content\/uploads\/sites\/7\/2022\/12\/dictionary.png","type":"image\/png"}],"twitter_card":"summary_large_image","twitter_misc":{"Dur\u00e9e de lecture estim\u00e9e":"2 minutes"},"schema":{"@context":"https:\/\/schema.org","@graph":[{"@type":"WebPage","@id":"https:\/\/reltim.com\/qualiopi\/nos-solutions\/formations\/le-referentiel-qualiopi\/","url":"https:\/\/reltim.com\/qualiopi\/nos-solutions\/formations\/le-referentiel-qualiopi\/","name":"La formation sur le r\u00e9f\u00e9rentiel Qualiopi par Reltim","isPartOf":{"@id":"https:\/\/reltim.com\/qualiopi\/#website"},"primaryImageOfPage":{"@id":"https:\/\/reltim.com\/qualiopi\/nos-solutions\/formations\/le-referentiel-qualiopi\/#primaryimage"},"image":{"@id":"https:\/\/reltim.com\/qualiopi\/nos-solutions\/formations\/le-referentiel-qualiopi\/#primaryimage"},"thumbnailUrl":"https:\/\/reltim.com\/qualiopi\/wp-content\/uploads\/sites\/7\/2022\/12\/dictionary.png","datePublished":"2022-10-21T13:44:38+00:00","dateModified":"2023-05-15T16:32:15+00:00","description":"Une des 4 formations Reltim : Le r\u00e9f\u00e9rentiel Qualiopi. Dans cette formation vous approfondirez vos connaissances sur le R\u00e9f\u00e9rentiel Qualiopi.","breadcrumb":{"@id":"https:\/\/reltim.com\/qualiopi\/nos-solutions\/formations\/le-referentiel-qualiopi\/#breadcrumb"},"inLanguage":"fr-FR","potentialAction":[{"@type":"ReadAction","target":["https:\/\/reltim.com\/qualiopi\/nos-solutions\/formations\/le-referentiel-qualiopi\/"]}]},{"@type":"ImageObject","inLanguage":"fr-FR","@id":"https:\/\/reltim.com\/qualiopi\/nos-solutions\/formations\/le-referentiel-qualiopi\/#primaryimage","url":"https:\/\/reltim.com\/qualiopi\/wp-content\/uploads\/sites\/7\/2022\/12\/dictionary.png","contentUrl":"https:\/\/reltim.com\/qualiopi\/wp-content\/uploads\/sites\/7\/2022\/12\/dictionary.png","width":512,"height":512,"caption":"7 crit\u00e8res qualiopi"},{"@type":"BreadcrumbList","@id":"https:\/\/reltim.com\/qualiopi\/nos-solutions\/formations\/le-referentiel-qualiopi\/#breadcrumb","itemListElement":[{"@type":"ListItem","position":1,"name":"Accueil","item":"https:\/\/reltim.com\/qualiopi\/"},{"@type":"ListItem","position":2,"name":"Nos solutions","item":"https:\/\/reltim.com\/qualiopi\/nos-solutions\/"},{"@type":"ListItem","position":3,"name":"Formations","item":"https:\/\/reltim.com\/qualiopi\/nos-solutions\/formations\/"},{"@type":"ListItem","position":4,"name":"Le r\u00e9f\u00e9rentiel Qualiopi"}]},{"@type":"WebSite","@id":"https:\/\/reltim.com\/qualiopi\/#website","url":"https:\/\/reltim.com\/qualiopi\/","name":"Reltim Qualiopi","description":"Souriez vous \u00eates certifi\u00e9s!","potentialAction":[{"@type":"SearchAction","target":{"@type":"EntryPoint","urlTemplate":"https:\/\/reltim.com\/qualiopi\/?s={search_term_string}"},"query-input":{"@type":"PropertyValueSpecification","valueRequired":true,"valueName":"search_term_string"}}],"inLanguage":"fr-FR"}]}},"_links":{"self":[{"href":"https:\/\/reltim.com\/qualiopi\/wp-json\/wp\/v2\/pages\/2514","targetHints":{"allow":["GET"]}}],"collection":[{"href":"https:\/\/reltim.com\/qualiopi\/wp-json\/wp\/v2\/pages"}],"about":[{"href":"https:\/\/reltim.com\/qualiopi\/wp-json\/wp\/v2\/types\/page"}],"author":[{"embeddable":true,"href":"https:\/\/reltim.com\/qualiopi\/wp-json\/wp\/v2\/users\/4"}],"replies":[{"embeddable":true,"href":"https:\/\/reltim.com\/qualiopi\/wp-json\/wp\/v2\/comments?post=2514"}],"version-history":[{"count":32,"href":"https:\/\/reltim.com\/qualiopi\/wp-json\/wp\/v2\/pages\/2514\/revisions"}],"predecessor-version":[{"id":5691,"href":"https:\/\/reltim.com\/qualiopi\/wp-json\/wp\/v2\/pages\/2514\/revisions\/5691"}],"up":[{"embeddable":true,"href":"https:\/\/reltim.com\/qualiopi\/wp-json\/wp\/v2\/pages\/2228"}],"wp:featuredmedia":[{"embeddable":true,"href":"https:\/\/reltim.com\/qualiopi\/wp-json\/wp\/v2\/media\/4158"}],"wp:attachment":[{"href":"https:\/\/reltim.com\/qualiopi\/wp-json\/wp\/v2\/media?parent=2514"}],"curies":[{"name":"wp","href":"https:\/\/api.w.org\/{rel}","templated":true}]}}